{"id":11839,"date":"2021-09-02T14:11:42","date_gmt":"2021-09-02T19:11:42","guid":{"rendered":"http:\/\/liceaga.facmed.unam.mx\/revistas\/masalud\/?page_id=11839"},"modified":"2026-02-24T14:41:58","modified_gmt":"2026-02-24T20:41:58","slug":"revista-salud-no2","status":"publish","type":"page","link":"https:\/\/massalud.facmed.unam.mx\/index.php\/revista-salud-no2\/","title":{"rendered":"Revista +Salud N\u00ba2"},"content":{"rendered":"<p>[et_pb_section fb_built=\u00bb1&#8243; _builder_version=\u00bb4.16&#8243; _module_preset=\u00bbdefault\u00bb background_color=\u00bb#840072&#8243; custom_padding=\u00bb24px||33px|||\u00bb global_colors_info=\u00bb{}\u00bb][et_pb_row column_structure=\u00bb1_2,1_2&#8243; _builder_version=\u00bb4.27.0&#8243; _module_preset=\u00bbdefault\u00bb custom_padding=\u00bb0px||14px|||\u00bb global_colors_info=\u00bb{}\u00bb][et_pb_column type=\u00bb1_2&#8243; _builder_version=\u00bb4.16&#8243; _module_preset=\u00bbdefault\u00bb global_colors_info=\u00bb{}\u00bb][et_pb_image src=\u00bbhttp:\/\/liceaga.facmed.unam.mx\/revistas\/masalud\/wp-content\/uploads\/2021\/02\/revistamas.png\u00bb title_text=\u00bbrevistamas\u00bb url=\u00bbhttps:\/\/massalud.facmed.unam.mx\/wp-content\/uploads\/2021\/02\/RevistaMasSalud_N002.pdf\u00bb url_new_window=\u00bbon\u00bb use_overlay=\u00bbon\u00bb overlay_icon_color=\u00bb#FFFFFF\u00bb hover_overlay_color=\u00bbrgba(12,113,195,0.48)\u00bb align=\u00bbcenter\u00bb _builder_version=\u00bb4.27.0&#8243; _module_preset=\u00bbdefault\u00bb scroll_scaling_enable=\u00bbon\u00bb motion_trigger_start=\u00bbbottom\u00bb global_colors_info=\u00bb{}\u00bb][\/et_pb_image][\/et_pb_column][et_pb_column type=\u00bb1_2&#8243; _builder_version=\u00bb4.16&#8243; _module_preset=\u00bbdefault\u00bb global_colors_info=\u00bb{}\u00bb][et_pb_image src=\u00bbhttps:\/\/massalud.facmed.unam.mx\/wp-content\/uploads\/2026\/02\/LogosRevistaMasSalud.png\u00bb title_text=\u00bbLogosRevistaMasSalud\u00bb _builder_version=\u00bb4.27.5&#8243; _module_preset=\u00bbdefault\u00bb width=\u00bb300px\u00bb module_alignment=\u00bbcenter\u00bb custom_padding=\u00bb19px|||||\u00bb hover_enabled=\u00bb0&#8243; global_colors_info=\u00bb{}\u00bb sticky_enabled=\u00bb0&#8243;][\/et_pb_image][et_pb_button button_url=\u00bbhttps:\/\/massalud.facmed.unam.mx\/wp-content\/uploads\/2021\/02\/RevistaMasSalud_N002.pdf\u00bb url_new_window=\u00bbon\u00bb button_text=\u00bbDescargar n\u00famero \u00bb button_alignment=\u00bbcenter\u00bb _builder_version=\u00bb4.27.0&#8243; _module_preset=\u00bbdefault\u00bb custom_button=\u00bbon\u00bb button_text_size=\u00bb26px\u00bb button_text_color=\u00bb#FFFFFF\u00bb button_bg_color=\u00bb#bf7900&#8243; animation_style=\u00bbslide\u00bb global_colors_info=\u00bb{}\u00bb][\/et_pb_button][et_pb_text _builder_version=\u00bb4.27.0&#8243; _module_preset=\u00bbdefault\u00bb text_text_color=\u00bb#FFFFFF\u00bb text_orientation=\u00bbcenter\u00bb global_colors_info=\u00bb{}\u00bb]En <strong>+Salud FacMed<\/strong> tenemos el objetivo de fomentar una cultura de promoci\u00f3n y prevenci\u00f3n de la salud en beneficio de la sociedad mexicana, a trav\u00e9s de la divulgaci\u00f3n cient\u00edfica de temas relacionados con medicina, fisioterapia, neurociencias, nutrici\u00f3n, sexualidad y salud mental, entre otros, respaldados y verificados por especialistas, investigadoras\/es y acad\u00e9micas\/os de la Facultad de Medicina de la UNAM.[\/et_pb_text][et_pb_button button_text=\u00bbA\u00f1o I | No.2&#8243; button_alignment=\u00bbcenter\u00bb _builder_version=\u00bb4.27.0&#8243; _module_preset=\u00bbdefault\u00bb custom_button=\u00bbon\u00bb button_text_color=\u00bb#FFFFFF\u00bb button_bg_color=\u00bb#ffa3ec\u00bb button_border_color=\u00bbRGBA(255,255,255,0)\u00bb button_icon=\u00bb&#xf5da;||fa||900&#8243; button_icon_color=\u00bb#FFFFFF\u00bb button_text_shadow_style=\u00bbpreset1&#8243; box_shadow_style=\u00bbpreset1&#8243; box_shadow_blur=\u00bb7px\u00bb global_colors_info=\u00bb{}\u00bb button_text_shadow_vertical_length__hover_enabled=\u00bboff|desktop\u00bb][\/et_pb_button][\/et_pb_column][\/et_pb_row][\/et_pb_section][et_pb_section fb_built=\u00bb1&#8243; _builder_version=\u00bb4.16&#8243; _module_preset=\u00bbdefault\u00bb global_colors_info=\u00bb{}\u00bb][et_pb_row _builder_version=\u00bb4.16&#8243; _module_preset=\u00bbdefault\u00bb global_colors_info=\u00bb{}\u00bb][et_pb_column type=\u00bb4_4&#8243; _builder_version=\u00bb4.16&#8243; _module_preset=\u00bbdefault\u00bb global_colors_info=\u00bb{}\u00bb][et_pb_code _builder_version=\u00bb4.16&#8243; _module_preset=\u00bbdefault\u00bb global_colors_info=\u00bb{}\u00bb]\n<div\n    class='wp-block-pdfp-pdf-poster  alignnone'\n    id='block-2'\n    data-attributes='{&quot;uniqueId&quot;:&quot;pdfp1&quot;,&quot;file&quot;:&quot;https:\\\/\\\/massalud.facmed.unam.mx\\\/wp-content\\\/uploads\\\/2021\\\/02\\\/RevistaMasSalud_N002.pdf&quot;,&quot;title&quot;:&quot;2&quot;,&quot;height&quot;:&quot;842px&quot;,&quot;width&quot;:&quot;100%&quot;,&quot;print&quot;:false,&quot;fullscreenButton&quot;:&quot;1&quot;,&quot;fullscreenButtonText&quot;:&quot;View Fullscreen&quot;,&quot;newWindow&quot;:false,&quot;showName&quot;:&quot;1&quot;,&quot;downloadButton&quot;:false,&quot;downloadButtonText&quot;:&quot;Download File&quot;,&quot;protect&quot;:false,&quot;onlyPDF&quot;:false,&quot;defaultBrowser&quot;:false,&quot;thumbMenu&quot;:false,&quot;initialPage&quot;:0,&quot;sidebarOpen&quot;:false,&quot;lastVersion&quot;:false,&quot;hrScroll&quot;:0,&quot;alert&quot;:false,&quot;btnStyles&quot;:{&quot;background&quot;:&quot;#1e73be&quot;,&quot;color&quot;:&quot;#fff&quot;,&quot;fontSize&quot;:&quot;1rem&quot;,&quot;padding&quot;:{&quot;top&quot;:10,&quot;right&quot;:20,&quot;bottom&quot;:10,&quot;left&quot;:10}},&quot;popupOptions&quot;:{&quot;enabled&quot;:0,&quot;text&quot;:&quot;Open PDF&quot;,&quot;triggerType&quot;:&quot;button&quot;,&quot;image&quot;:&quot;&quot;,&quot;imageHeight&quot;:&quot;200px&quot;,&quot;imageWidth&quot;:&quot;300px&quot;,&quot;imagePdfIcon&quot;:true,&quot;triggerAlignment&quot;:&quot;center&quot;,&quot;btnStyle&quot;:{&quot;background&quot;:&quot;#1e73be&quot;,&quot;color&quot;:&quot;#fff&quot;,&quot;fontSize&quot;:&quot;1rem&quot;,&quot;padding&quot;:{&quot;top&quot;:10,&quot;right&quot;:20,&quot;bottom&quot;:10,&quot;left&quot;:10}}},&quot;actionsPosition&quot;:&quot;top&quot;,&quot;socialShare&quot;:{&quot;enabled&quot;:false,&quot;facebook&quot;:false,&quot;twitter&quot;:false,&quot;linkedin&quot;:false,&quot;pinterest&quot;:false,&quot;position&quot;:&quot;top&quot;},&quot;adobeEmbedder&quot;:false,&quot;align&quot;:&quot;none&quot;,&quot;alignment&quot;:&quot;left&quot;,&quot;titleFontSize&quot;:&quot;16px&quot;,&quot;isHideRightToolbar&quot;:false,&quot;additional&quot;:{&quot;ID&quot;:&quot;&quot;,&quot;Class&quot;:&quot;&quot;,&quot;CSS&quot;:&quot;&quot;},&quot;adobeOptions&quot;:{&quot;showDownloadPDF&quot;:true,&quot;showPrintPDF&quot;:true,&quot;showAnnotationTools&quot;:true,&quot;showFullScreen&quot;:false,&quot;embedMode&quot;:&quot;SIZED_CONTAINER&quot;},&quot;popupBtnStyle&quot;:{&quot;background&quot;:&quot;#2271b1&quot;,&quot;color&quot;:&quot;#fff&quot;,&quot;padding&quot;:{&quot;top&quot;:10,&quot;right&quot;:20,&quot;bottom&quot;:10,&quot;left&quot;:10}},&quot;popupBtnText&quot;:&quot;Open Document&quot;,&quot;CSS&quot;:&quot;&quot;,&quot;isPremium&quot;:false}'\n    style=\"text-align: left\">\n            <div class=\"pdfp_loading_placeholder\" style=\"height: 842px; width: 100%; display: flex; align-items: center; justify-content: center; background: #f5f5f5; border: 1px solid #ddd;\">\n             <p>Loading Viewer...<\/p>\n        <\/div>\n    <\/div>\n[\/et_pb_code][\/et_pb_column][\/et_pb_row][\/et_pb_section]<\/p>\n","protected":false},"excerpt":{"rendered":"<p>En +Salud FacMed tenemos el objetivo de fomentar una cultura de promoci\u00f3n y prevenci\u00f3n de la salud en beneficio de la sociedad mexicana, a trav\u00e9s de la divulgaci\u00f3n cient\u00edfica de [&hellip;]<\/p>\n","protected":false},"author":1,"featured_media":0,"parent":0,"menu_order":0,"comment_status":"closed","ping_status":"closed","template":"","meta":{"_acf_changed":false,"_et_pb_use_builder":"on","_et_pb_old_content":"","_et_gb_content_width":"","footnotes":""},"class_list":["post-11839","page","type-page","status-publish","hentry"],"acf":false,"yoast_head":"<!-- This site is optimized with the Yoast SEO plugin v27.6 - https:\/\/yoast.com\/product\/yoast-seo-wordpress\/ -->\n<title>Revista +Salud N\u00ba2 - +Salud FacMed<\/title>\n<meta name=\"robots\" content=\"index, follow, max-snippet:-1, max-image-preview:large, max-video-preview:-1\" \/>\n<link rel=\"canonical\" href=\"https:\/\/massalud.facmed.unam.mx\/index.php\/revista-salud-no2\/\" \/>\n<meta property=\"og:locale\" content=\"es_ES\" \/>\n<meta property=\"og:type\" content=\"article\" \/>\n<meta property=\"og:title\" content=\"Revista +Salud N\u00ba2 - +Salud FacMed\" \/>\n<meta property=\"og:description\" content=\"En +Salud FacMed tenemos el objetivo de fomentar una cultura de promoci\u00f3n y prevenci\u00f3n de la salud en beneficio de la sociedad mexicana, a trav\u00e9s de la divulgaci\u00f3n cient\u00edfica de [&hellip;]\" \/>\n<meta property=\"og:url\" content=\"https:\/\/massalud.facmed.unam.mx\/index.php\/revista-salud-no2\/\" \/>\n<meta property=\"og:site_name\" content=\"+Salud FacMed\" \/>\n<meta property=\"article:modified_time\" content=\"2026-02-24T20:41:58+00:00\" \/>\n<meta name=\"twitter:card\" content=\"summary_large_image\" \/>\n<meta name=\"twitter:label1\" content=\"Tiempo de lectura\" \/>\n\t<meta name=\"twitter:data1\" content=\"2 minutos\" \/>\n<script type=\"application\/ld+json\" class=\"yoast-schema-graph\">{\"@context\":\"https:\\\/\\\/schema.org\",\"@graph\":[{\"@type\":\"WebPage\",\"@id\":\"https:\\\/\\\/massalud.facmed.unam.mx\\\/index.php\\\/revista-salud-no2\\\/\",\"url\":\"https:\\\/\\\/massalud.facmed.unam.mx\\\/index.php\\\/revista-salud-no2\\\/\",\"name\":\"Revista +Salud N\u00ba2 - +Salud FacMed\",\"isPartOf\":{\"@id\":\"https:\\\/\\\/massalud.facmed.unam.mx\\\/#website\"},\"datePublished\":\"2021-09-02T19:11:42+00:00\",\"dateModified\":\"2026-02-24T20:41:58+00:00\",\"breadcrumb\":{\"@id\":\"https:\\\/\\\/massalud.facmed.unam.mx\\\/index.php\\\/revista-salud-no2\\\/#breadcrumb\"},\"inLanguage\":\"es\",\"potentialAction\":[{\"@type\":\"ReadAction\",\"target\":[\"https:\\\/\\\/massalud.facmed.unam.mx\\\/index.php\\\/revista-salud-no2\\\/\"]}]},{\"@type\":\"BreadcrumbList\",\"@id\":\"https:\\\/\\\/massalud.facmed.unam.mx\\\/index.php\\\/revista-salud-no2\\\/#breadcrumb\",\"itemListElement\":[{\"@type\":\"ListItem\",\"position\":1,\"name\":\"Portada\",\"item\":\"https:\\\/\\\/massalud.facmed.unam.mx\\\/\"},{\"@type\":\"ListItem\",\"position\":2,\"name\":\"Revista +Salud N\u00ba2\"}]},{\"@type\":\"WebSite\",\"@id\":\"https:\\\/\\\/massalud.facmed.unam.mx\\\/#website\",\"url\":\"https:\\\/\\\/massalud.facmed.unam.mx\\\/\",\"name\":\"+Salud FacMed\",\"description\":\"Revista de la Facultad de Medicina\",\"publisher\":{\"@id\":\"https:\\\/\\\/massalud.facmed.unam.mx\\\/#organization\"},\"potentialAction\":[{\"@type\":\"SearchAction\",\"target\":{\"@type\":\"EntryPoint\",\"urlTemplate\":\"https:\\\/\\\/massalud.facmed.unam.mx\\\/?s={search_term_string}\"},\"query-input\":{\"@type\":\"PropertyValueSpecification\",\"valueRequired\":true,\"valueName\":\"search_term_string\"}}],\"inLanguage\":\"es\"},{\"@type\":\"Organization\",\"@id\":\"https:\\\/\\\/massalud.facmed.unam.mx\\\/#organization\",\"name\":\"+Salud\",\"url\":\"https:\\\/\\\/massalud.facmed.unam.mx\\\/\",\"logo\":{\"@type\":\"ImageObject\",\"inLanguage\":\"es\",\"@id\":\"https:\\\/\\\/massalud.facmed.unam.mx\\\/#\\\/schema\\\/logo\\\/image\\\/\",\"url\":\"https:\\\/\\\/i0.wp.com\\\/www.massaludfacmed.unam.mx\\\/wp-content\\\/uploads\\\/2018\\\/08\\\/app-mas-salud-1.png?fit=700%2C694\",\"contentUrl\":\"https:\\\/\\\/i0.wp.com\\\/www.massaludfacmed.unam.mx\\\/wp-content\\\/uploads\\\/2018\\\/08\\\/app-mas-salud-1.png?fit=700%2C694\",\"width\":700,\"height\":694,\"caption\":\"+Salud\"},\"image\":{\"@id\":\"https:\\\/\\\/massalud.facmed.unam.mx\\\/#\\\/schema\\\/logo\\\/image\\\/\"}}]}<\/script>\n<!-- \/ Yoast SEO plugin. -->","yoast_head_json":{"title":"Revista +Salud N\u00ba2 - +Salud FacMed","robots":{"index":"index","follow":"follow","max-snippet":"max-snippet:-1","max-image-preview":"max-image-preview:large","max-video-preview":"max-video-preview:-1"},"canonical":"https:\/\/massalud.facmed.unam.mx\/index.php\/revista-salud-no2\/","og_locale":"es_ES","og_type":"article","og_title":"Revista +Salud N\u00ba2 - +Salud FacMed","og_description":"En +Salud FacMed tenemos el objetivo de fomentar una cultura de promoci\u00f3n y prevenci\u00f3n de la salud en beneficio de la sociedad mexicana, a trav\u00e9s de la divulgaci\u00f3n cient\u00edfica de [&hellip;]","og_url":"https:\/\/massalud.facmed.unam.mx\/index.php\/revista-salud-no2\/","og_site_name":"+Salud FacMed","article_modified_time":"2026-02-24T20:41:58+00:00","twitter_card":"summary_large_image","twitter_misc":{"Tiempo de lectura":"2 minutos"},"schema":{"@context":"https:\/\/schema.org","@graph":[{"@type":"WebPage","@id":"https:\/\/massalud.facmed.unam.mx\/index.php\/revista-salud-no2\/","url":"https:\/\/massalud.facmed.unam.mx\/index.php\/revista-salud-no2\/","name":"Revista +Salud N\u00ba2 - +Salud FacMed","isPartOf":{"@id":"https:\/\/massalud.facmed.unam.mx\/#website"},"datePublished":"2021-09-02T19:11:42+00:00","dateModified":"2026-02-24T20:41:58+00:00","breadcrumb":{"@id":"https:\/\/massalud.facmed.unam.mx\/index.php\/revista-salud-no2\/#breadcrumb"},"inLanguage":"es","potentialAction":[{"@type":"ReadAction","target":["https:\/\/massalud.facmed.unam.mx\/index.php\/revista-salud-no2\/"]}]},{"@type":"BreadcrumbList","@id":"https:\/\/massalud.facmed.unam.mx\/index.php\/revista-salud-no2\/#breadcrumb","itemListElement":[{"@type":"ListItem","position":1,"name":"Portada","item":"https:\/\/massalud.facmed.unam.mx\/"},{"@type":"ListItem","position":2,"name":"Revista +Salud N\u00ba2"}]},{"@type":"WebSite","@id":"https:\/\/massalud.facmed.unam.mx\/#website","url":"https:\/\/massalud.facmed.unam.mx\/","name":"+Salud FacMed","description":"Revista de la Facultad de Medicina","publisher":{"@id":"https:\/\/massalud.facmed.unam.mx\/#organization"},"potentialAction":[{"@type":"SearchAction","target":{"@type":"EntryPoint","urlTemplate":"https:\/\/massalud.facmed.unam.mx\/?s={search_term_string}"},"query-input":{"@type":"PropertyValueSpecification","valueRequired":true,"valueName":"search_term_string"}}],"inLanguage":"es"},{"@type":"Organization","@id":"https:\/\/massalud.facmed.unam.mx\/#organization","name":"+Salud","url":"https:\/\/massalud.facmed.unam.mx\/","logo":{"@type":"ImageObject","inLanguage":"es","@id":"https:\/\/massalud.facmed.unam.mx\/#\/schema\/logo\/image\/","url":"https:\/\/i0.wp.com\/www.massaludfacmed.unam.mx\/wp-content\/uploads\/2018\/08\/app-mas-salud-1.png?fit=700%2C694","contentUrl":"https:\/\/i0.wp.com\/www.massaludfacmed.unam.mx\/wp-content\/uploads\/2018\/08\/app-mas-salud-1.png?fit=700%2C694","width":700,"height":694,"caption":"+Salud"},"image":{"@id":"https:\/\/massalud.facmed.unam.mx\/#\/schema\/logo\/image\/"}}]}},"jetpack_shortlink":"https:\/\/wp.me\/Pfwcxr-34X","jetpack_sharing_enabled":true,"_links":{"self":[{"href":"https:\/\/massalud.facmed.unam.mx\/index.php\/wp-json\/wp\/v2\/pages\/11839","targetHints":{"allow":["GET"]}}],"collection":[{"href":"https:\/\/massalud.facmed.unam.mx\/index.php\/wp-json\/wp\/v2\/pages"}],"about":[{"href":"https:\/\/massalud.facmed.unam.mx\/index.php\/wp-json\/wp\/v2\/types\/page"}],"author":[{"embeddable":true,"href":"https:\/\/massalud.facmed.unam.mx\/index.php\/wp-json\/wp\/v2\/users\/1"}],"replies":[{"embeddable":true,"href":"https:\/\/massalud.facmed.unam.mx\/index.php\/wp-json\/wp\/v2\/comments?post=11839"}],"version-history":[{"count":13,"href":"https:\/\/massalud.facmed.unam.mx\/index.php\/wp-json\/wp\/v2\/pages\/11839\/revisions"}],"predecessor-version":[{"id":266999,"href":"https:\/\/massalud.facmed.unam.mx\/index.php\/wp-json\/wp\/v2\/pages\/11839\/revisions\/266999"}],"wp:attachment":[{"href":"https:\/\/massalud.facmed.unam.mx\/index.php\/wp-json\/wp\/v2\/media?parent=11839"}],"curies":[{"name":"wp","href":"https:\/\/api.w.org\/{rel}","templated":true}]}}